{"id":461,"date":"2025-06-25T19:03:20","date_gmt":"2025-06-25T17:03:20","guid":{"rendered":"https:\/\/www.amibo.cz\/billing-information\/"},"modified":"2025-07-10T10:47:30","modified_gmt":"2025-07-10T08:47:30","slug":"billing-information","status":"publish","type":"page","link":"https:\/\/www.amibo.cz\/en\/billing-information\/","title":{"rendered":"Billing information"},"content":{"rendered":"\n<h2 class=\"wp-block-heading\">AMIBO transport s.r.o.<\/h2>\n\n\n\n<p>Kapl\u00ed\u0159ova 233<br>Sulejovice<br>CZ 411 11<\/p>\n\n\n\n<p>ICKO: 17711657<br>DIC: CZ17711657<\/p>\n\n\n\n<p><a href=\"mailto:invoice@amibo.cz\">invoice@amibo.cz<\/a><\/p>\n\n\n\n<p><a href=\"https:\/\/www.amibo.cz\/wp-content\/uploads\/2025\/07\/rozhodnutad-o-dph.pdf\" target=\"_blank\" rel=\"noreferrer noopener\">VAT registration<\/a><\/p>\n\n\n\n<h2 class=\"wp-block-heading\">Bank details<\/h2>\n\n\n\n<h3 class=\"wp-block-heading\">CZK<\/h3>\n\n\n\n<p>Bank: Komer\u010dn\u00ed banka, a.s.<br>SWIFT: KOMBCZPPXXX<br>IBAN: CZ3301000001313213220297<br>Account-No.: 131-3213220297<br>Bank code: 0100<\/p>\n\n\n\n<p><a href=\"https:\/\/www.amibo.cz\/wp-content\/uploads\/2025\/07\/potvrzeni-czk-ba8det.pdf\" target=\"_blank\" rel=\"noreferrer noopener\">Confirmation of account maintenance<\/a><\/p>\n\n\n\n<h3 class=\"wp-block-heading\">EUR<\/h3>\n\n\n\n<p>Bank: Komer\u010dn\u00ed banka, a.s.<br>SWIFT: KOMBCZPPXXX<br>IBAN: CZ1001000001313213230217<br>Account-No.: 131-3213230217<br>Bank code: 0100<\/p>\n\n\n\n<p><a href=\"https:\/\/www.amibo.cz\/wp-content\/uploads\/2025\/07\/potvrzeni-eur-ba8det.pdf\" target=\"_blank\" rel=\"noreferrer noopener\">Confirmation of account maintenance<\/a><\/p>\n\n\n\n<p><strong>Invoicing email:<\/strong> <a href=\"mailto:invoice@amibo.cz\">invoice@amibo.cz<\/a><\/p>\n","protected":false},"excerpt":{"rendered":"<p>AMIBO transport s.r.o. Kapl\u00ed\u0159ova 233SulejoviceCZ 411 11 ICKO: 17711657DIC: CZ17711657 invoice@amibo.cz VAT registration Bank details CZK Bank: Komer\u010dn\u00ed banka, a.s.SWIFT: KOMBCZPPXXXIBAN: CZ3301000001313213220297Account-No.: 131-3213220297Bank code: 0100 Confirmation of account maintenance EUR Bank: Komer\u010dn\u00ed banka, a.s.SWIFT: KOMBCZPPXXXIBAN: CZ1001000001313213230217Account-No.: 131-3213230217Bank code: 0100 Confirmation of account maintenance Invoicing email: invoice@amibo.cz<\/p>\n","protected":false},"author":1,"featured_media":0,"parent":0,"menu_order":0,"comment_status":"closed","ping_status":"closed","template":"","meta":{"footnotes":""},"class_list":["post-461","page","type-page","status-publish","hentry"],"yoast_head":"<!-- This site is optimized with the Yoast SEO plugin v27.5 - https:\/\/yoast.com\/product\/yoast-seo-wordpress\/ -->\n<title>Billing information - Amibo transport<\/title>\n<meta name=\"robots\" content=\"index, follow, max-snippet:-1, max-image-preview:large, max-video-preview:-1\" \/>\n<link rel=\"canonical\" href=\"https:\/\/www.amibo.cz\/en\/billing-information\/\" \/>\n<meta property=\"og:locale\" content=\"en_US\" \/>\n<meta property=\"og:type\" content=\"article\" \/>\n<meta property=\"og:title\" content=\"Billing information - Amibo transport\" \/>\n<meta property=\"og:description\" content=\"AMIBO transport s.r.o. Kapl\u00ed\u0159ova 233SulejoviceCZ 411 11 ICKO: 17711657DIC: CZ17711657 invoice@amibo.cz VAT registration Bank details CZK Bank: Komer\u010dn\u00ed banka, a.s.SWIFT: KOMBCZPPXXXIBAN: CZ3301000001313213220297Account-No.: 131-3213220297Bank code: 0100 Confirmation of account maintenance EUR Bank: Komer\u010dn\u00ed banka, a.s.SWIFT: KOMBCZPPXXXIBAN: CZ1001000001313213230217Account-No.: 131-3213230217Bank code: 0100 Confirmation of account maintenance Invoicing email: invoice@amibo.cz\" \/>\n<meta property=\"og:url\" content=\"https:\/\/www.amibo.cz\/en\/billing-information\/\" \/>\n<meta property=\"og:site_name\" content=\"Amibo transport\" \/>\n<meta property=\"article:modified_time\" content=\"2025-07-10T08:47:30+00:00\" \/>\n<meta name=\"twitter:card\" content=\"summary_large_image\" \/>\n<meta name=\"twitter:label1\" content=\"Est. reading time\" \/>\n\t<meta name=\"twitter:data1\" content=\"1 minute\" \/>\n<script type=\"application\/ld+json\" class=\"yoast-schema-graph\">{\"@context\":\"https:\\\/\\\/schema.org\",\"@graph\":[{\"@type\":\"WebPage\",\"@id\":\"https:\\\/\\\/www.amibo.cz\\\/en\\\/billing-information\\\/\",\"url\":\"https:\\\/\\\/www.amibo.cz\\\/en\\\/billing-information\\\/\",\"name\":\"Billing information - Amibo transport\",\"isPartOf\":{\"@id\":\"https:\\\/\\\/www.amibo.cz\\\/en\\\/#website\"},\"datePublished\":\"2025-06-25T17:03:20+00:00\",\"dateModified\":\"2025-07-10T08:47:30+00:00\",\"breadcrumb\":{\"@id\":\"https:\\\/\\\/www.amibo.cz\\\/en\\\/billing-information\\\/#breadcrumb\"},\"inLanguage\":\"en-US\",\"potentialAction\":[{\"@type\":\"ReadAction\",\"target\":[\"https:\\\/\\\/www.amibo.cz\\\/en\\\/billing-information\\\/\"]}]},{\"@type\":\"BreadcrumbList\",\"@id\":\"https:\\\/\\\/www.amibo.cz\\\/en\\\/billing-information\\\/#breadcrumb\",\"itemListElement\":[{\"@type\":\"ListItem\",\"position\":1,\"name\":\"Dom\u016f\",\"item\":\"https:\\\/\\\/www.amibo.cz\\\/en\\\/\"},{\"@type\":\"ListItem\",\"position\":2,\"name\":\"Billing information\"}]},{\"@type\":\"WebSite\",\"@id\":\"https:\\\/\\\/www.amibo.cz\\\/en\\\/#website\",\"url\":\"https:\\\/\\\/www.amibo.cz\\\/en\\\/\",\"name\":\"Amibo transport\",\"description\":\"Mezin\u00e1rodn\u00ed doprava, spedice a logistika\",\"potentialAction\":[{\"@type\":\"SearchAction\",\"target\":{\"@type\":\"EntryPoint\",\"urlTemplate\":\"https:\\\/\\\/www.amibo.cz\\\/en\\\/?s={search_term_string}\"},\"query-input\":{\"@type\":\"PropertyValueSpecification\",\"valueRequired\":true,\"valueName\":\"search_term_string\"}}],\"inLanguage\":\"en-US\"}]}<\/script>\n<!-- \/ Yoast SEO plugin. -->","yoast_head_json":{"title":"Billing information - Amibo transport","robots":{"index":"index","follow":"follow","max-snippet":"max-snippet:-1","max-image-preview":"max-image-preview:large","max-video-preview":"max-video-preview:-1"},"canonical":"https:\/\/www.amibo.cz\/en\/billing-information\/","og_locale":"en_US","og_type":"article","og_title":"Billing information - Amibo transport","og_description":"AMIBO transport s.r.o. Kapl\u00ed\u0159ova 233SulejoviceCZ 411 11 ICKO: 17711657DIC: CZ17711657 invoice@amibo.cz VAT registration Bank details CZK Bank: Komer\u010dn\u00ed banka, a.s.SWIFT: KOMBCZPPXXXIBAN: CZ3301000001313213220297Account-No.: 131-3213220297Bank code: 0100 Confirmation of account maintenance EUR Bank: Komer\u010dn\u00ed banka, a.s.SWIFT: KOMBCZPPXXXIBAN: CZ1001000001313213230217Account-No.: 131-3213230217Bank code: 0100 Confirmation of account maintenance Invoicing email: invoice@amibo.cz","og_url":"https:\/\/www.amibo.cz\/en\/billing-information\/","og_site_name":"Amibo transport","article_modified_time":"2025-07-10T08:47:30+00:00","twitter_card":"summary_large_image","twitter_misc":{"Est. reading time":"1 minute"},"schema":{"@context":"https:\/\/schema.org","@graph":[{"@type":"WebPage","@id":"https:\/\/www.amibo.cz\/en\/billing-information\/","url":"https:\/\/www.amibo.cz\/en\/billing-information\/","name":"Billing information - Amibo transport","isPartOf":{"@id":"https:\/\/www.amibo.cz\/en\/#website"},"datePublished":"2025-06-25T17:03:20+00:00","dateModified":"2025-07-10T08:47:30+00:00","breadcrumb":{"@id":"https:\/\/www.amibo.cz\/en\/billing-information\/#breadcrumb"},"inLanguage":"en-US","potentialAction":[{"@type":"ReadAction","target":["https:\/\/www.amibo.cz\/en\/billing-information\/"]}]},{"@type":"BreadcrumbList","@id":"https:\/\/www.amibo.cz\/en\/billing-information\/#breadcrumb","itemListElement":[{"@type":"ListItem","position":1,"name":"Dom\u016f","item":"https:\/\/www.amibo.cz\/en\/"},{"@type":"ListItem","position":2,"name":"Billing information"}]},{"@type":"WebSite","@id":"https:\/\/www.amibo.cz\/en\/#website","url":"https:\/\/www.amibo.cz\/en\/","name":"Amibo transport","description":"Mezin\u00e1rodn\u00ed doprava, spedice a logistika","potentialAction":[{"@type":"SearchAction","target":{"@type":"EntryPoint","urlTemplate":"https:\/\/www.amibo.cz\/en\/?s={search_term_string}"},"query-input":{"@type":"PropertyValueSpecification","valueRequired":true,"valueName":"search_term_string"}}],"inLanguage":"en-US"}]}},"_links":{"self":[{"href":"https:\/\/www.amibo.cz\/en\/wp-json\/wp\/v2\/pages\/461","targetHints":{"allow":["GET"]}}],"collection":[{"href":"https:\/\/www.amibo.cz\/en\/wp-json\/wp\/v2\/pages"}],"about":[{"href":"https:\/\/www.amibo.cz\/en\/wp-json\/wp\/v2\/types\/page"}],"author":[{"embeddable":true,"href":"https:\/\/www.amibo.cz\/en\/wp-json\/wp\/v2\/users\/1"}],"replies":[{"embeddable":true,"href":"https:\/\/www.amibo.cz\/en\/wp-json\/wp\/v2\/comments?post=461"}],"version-history":[{"count":3,"href":"https:\/\/www.amibo.cz\/en\/wp-json\/wp\/v2\/pages\/461\/revisions"}],"predecessor-version":[{"id":521,"href":"https:\/\/www.amibo.cz\/en\/wp-json\/wp\/v2\/pages\/461\/revisions\/521"}],"wp:attachment":[{"href":"https:\/\/www.amibo.cz\/en\/wp-json\/wp\/v2\/media?parent=461"}],"curies":[{"name":"wp","href":"https:\/\/api.w.org\/{rel}","templated":true}]}}